{"id":1194,"date":"2021-09-22T08:48:19","date_gmt":"2021-09-22T06:48:19","guid":{"rendered":"http:\/\/monidworek.pl\/hodowla\/?page_id=1194"},"modified":"2023-02-21T18:02:57","modified_gmt":"2023-02-21T17:02:57","slug":"gloria-leolife","status":"publish","type":"page","link":"http:\/\/monidworek.pl\/hodowla\/gloria-leolife\/","title":{"rendered":"GLORIA Leolife"},"content":{"rendered":"<\/div><\/div><\/div><!-- close content main div --><\/div><\/div><div id='pokoje' class='avia-section main_color avia-section-no-padding avia-no-border-styling avia-bg-style-scroll   container_wrap sidebar_right' style = 'background-color: #efefef; background-image: '  ><div class='container' ><div class='template-page content  av-content-small alpha units'><div class='post-entry post-entry-type-page post-entry-1194'><div class='entry-content-wrapper clearfix'>\n<div style='padding-bottom:0px; margin-top:80px; ' class='av-special-heading av-special-heading-h1  blockquote modern-quote modern-centered  '><h1 class='av-special-heading-tag '  itemprop=\"headline\"  >GLORIA<\/h1><div class ='av-subheading av-subheading_below  ' style='font-size:15px;'><p>ur. 03.02.2022r.<br \/>\numaszczenie <strong>snow mink spotted<\/strong><\/p>\n<\/div><div class='special-heading-border'><div class='special-heading-inner-border' ><\/div><\/div><\/div>\n<div style=' margin-top:5px; margin-bottom:35px;'  class='hr hr-custom hr-center hr-icon-no  '><span class='hr-inner   inner-border-av-border-fat' style=' width:150px; border-color:#e50045;' ><span class='hr-inner-style'><\/span><\/span><\/div>\n<\/div><\/div><\/div><!-- close content main div --><\/div><\/div><div id='after_section_1' class='main_color av_default_container_wrap container_wrap sidebar_right'   ><div class='container' ><div class='template-page content  av-content-small alpha units'><div class='post-entry post-entry-type-page post-entry-1194'><div class='entry-content-wrapper clearfix'>\n<\/div><\/div><\/div><!-- close content main div --><\/div><\/div><div id='galeria' class='avia-section main_color avia-section-no-padding avia-no-border-styling av-section-color-overlay-active avia-bg-style-scroll   container_wrap sidebar_right' style = 'background-image: '  ><div class='av-section-color-overlay-wrap'><div class='av-section-color-overlay' style='opacity: 0.5; background-color: #000000; '><\/div><div class='container' ><div class='template-page content  av-content-small alpha units'><div class='post-entry post-entry-type-page post-entry-1194'><div class='entry-content-wrapper clearfix'>\n<div style='padding-bottom:0px; margin-top:80px; color:#ffffff;' class='av-special-heading av-special-heading-h1 custom-color-heading blockquote modern-quote modern-centered   '><h1 class='av-special-heading-tag '  itemprop=\"headline\"  >Galeria zdj\u0119\u0107<\/h1><div class='special-heading-border'><div class='special-heading-inner-border' style='border-color:#ffffff'><\/div><\/div><\/div>\n<div id='av-masonry-1' class='av-masonry  noHover av-fixed-size av-1px-gap av-hover-overlay-active av-masonry-col-5 av-caption-always av-caption-style- av-masonry-gallery     '  ><div class='av-masonry-container isotope av-js-disabled ' ><div class='av-masonry-entry isotope-item av-masonry-item-no-image '><\/div><a href=\"http:\/\/monidworek.pl\/hodowla\/wp-content\/uploads\/sites\/4\/2023\/02\/20230127_110803-718x1030.jpg\" id='av-masonry-1-item-1364' data-av-masonry-item='1364' class='av-masonry-entry isotope-item post-1364 attachment type-attachment status-inherit hentry  av-masonry-item-with-image' title=\"\"  itemprop=\"thumbnailUrl\" ><div class='av-inner-masonry-sizer'><\/div><figure class='av-inner-masonry main_color'><div class=\"av-masonry-outerimage-container\"><div class=\"av-masonry-image-container\" style=\"background-image: url(http:\/\/monidworek.pl\/hodowla\/wp-content\/uploads\/sites\/4\/2023\/02\/20230127_110803-492x705.jpg);\"><\/div><\/div><\/figure><\/a><!--end av-masonry entry--><a href=\"http:\/\/monidworek.pl\/hodowla\/wp-content\/uploads\/sites\/4\/2023\/02\/20230127_123419-1030x764.jpg\" id='av-masonry-1-item-1365' data-av-masonry-item='1365' class='av-masonry-entry isotope-item post-1365 attachment type-attachment status-inherit hentry  av-masonry-item-with-image' title=\"\"  itemprop=\"thumbnailUrl\" ><div class='av-inner-masonry-sizer'><\/div><figure class='av-inner-masonry main_color'><div class=\"av-masonry-outerimage-container\"><div class=\"av-masonry-image-container\" style=\"background-image: url(http:\/\/monidworek.pl\/hodowla\/wp-content\/uploads\/sites\/4\/2023\/02\/20230127_123419-705x523.jpg);\"><\/div><\/div><\/figure><\/a><!--end av-masonry entry--><a href=\"http:\/\/monidworek.pl\/hodowla\/wp-content\/uploads\/sites\/4\/2023\/02\/20230127_110658-1030x979.jpg\" id='av-masonry-1-item-1356' data-av-masonry-item='1356' class='av-masonry-entry isotope-item post-1356 attachment type-attachment status-inherit hentry  av-masonry-item-with-image' title=\"\"  itemprop=\"thumbnailUrl\" ><div class='av-inner-masonry-sizer'><\/div><figure class='av-inner-masonry main_color'><div class=\"av-masonry-outerimage-container\"><div class=\"av-masonry-image-container\" style=\"background-image: url(http:\/\/monidworek.pl\/hodowla\/wp-content\/uploads\/sites\/4\/2023\/02\/20230127_110658-705x670.jpg);\"><\/div><\/div><\/figure><\/a><!--end av-masonry entry--><a href=\"http:\/\/monidworek.pl\/hodowla\/wp-content\/uploads\/sites\/4\/2023\/02\/20230127_110640-792x1030.jpg\" id='av-masonry-1-item-1360' data-av-masonry-item='1360' class='av-masonry-entry isotope-item post-1360 attachment type-attachment status-inherit hentry  av-masonry-item-with-image' title=\"\"  itemprop=\"thumbnailUrl\" ><div class='av-inner-masonry-sizer'><\/div><figure class='av-inner-masonry main_color'><div class=\"av-masonry-outerimage-container\"><div class=\"av-masonry-image-container\" style=\"background-image: url(http:\/\/monidworek.pl\/hodowla\/wp-content\/uploads\/sites\/4\/2023\/02\/20230127_110640-542x705.jpg);\"><\/div><\/div><\/figure><\/a><!--end av-masonry entry--><a href=\"http:\/\/monidworek.pl\/hodowla\/wp-content\/uploads\/sites\/4\/2023\/02\/20230127_110650-881x1030.jpg\" id='av-masonry-1-item-1361' data-av-masonry-item='1361' class='av-masonry-entry isotope-item post-1361 attachment type-attachment status-inherit hentry  av-masonry-item-with-image' title=\"\"  itemprop=\"thumbnailUrl\" ><div class='av-inner-masonry-sizer'><\/div><figure class='av-inner-masonry main_color'><div class=\"av-masonry-outerimage-container\"><div class=\"av-masonry-image-container\" style=\"background-image: url(http:\/\/monidworek.pl\/hodowla\/wp-content\/uploads\/sites\/4\/2023\/02\/20230127_110650-603x705.jpg);\"><\/div><\/div><\/figure><\/a><!--end av-masonry entry--><a href=\"http:\/\/monidworek.pl\/hodowla\/wp-content\/uploads\/sites\/4\/2023\/02\/20230127_110758-773x1030.jpg\" id='av-masonry-1-item-1362' data-av-masonry-item='1362' class='av-masonry-entry isotope-item post-1362 attachment type-attachment status-inherit hentry  av-masonry-item-with-image' title=\"\"  itemprop=\"thumbnailUrl\" ><div class='av-inner-masonry-sizer'><\/div><figure class='av-inner-masonry main_color'><div class=\"av-masonry-outerimage-container\"><div class=\"av-masonry-image-container\" style=\"background-image: url(http:\/\/monidworek.pl\/hodowla\/wp-content\/uploads\/sites\/4\/2023\/02\/20230127_110758-529x705.jpg);\"><\/div><\/div><\/figure><\/a><!--end av-masonry entry--><a href=\"http:\/\/monidworek.pl\/hodowla\/wp-content\/uploads\/sites\/4\/2023\/02\/20230127_110800-773x1030.jpg\" id='av-masonry-1-item-1363' data-av-masonry-item='1363' class='av-masonry-entry isotope-item post-1363 attachment type-attachment status-inherit hentry  av-masonry-item-with-image' title=\"\"  itemprop=\"thumbnailUrl\" ><div class='av-inner-masonry-sizer'><\/div><figure class='av-inner-masonry main_color'><div class=\"av-masonry-outerimage-container\"><div class=\"av-masonry-image-container\" style=\"background-image: url(http:\/\/monidworek.pl\/hodowla\/wp-content\/uploads\/sites\/4\/2023\/02\/20230127_110800-529x705.jpg);\"><\/div><\/div><\/figure><\/a><!--end av-masonry entry--><a href=\"http:\/\/monidworek.pl\/hodowla\/wp-content\/uploads\/sites\/4\/2022\/10\/1666092262648-991x1030.jpg\" id='av-masonry-1-item-1265' data-av-masonry-item='1265' class='av-masonry-entry isotope-item post-1265 attachment type-attachment status-inherit hentry  av-masonry-item-with-image' title=\"\"  itemprop=\"thumbnailUrl\" ><div class='av-inner-masonry-sizer'><\/div><figure class='av-inner-masonry main_color'><div class=\"av-masonry-outerimage-container\"><div class=\"av-masonry-image-container\" style=\"background-image: url(http:\/\/monidworek.pl\/hodowla\/wp-content\/uploads\/sites\/4\/2022\/10\/1666092262648-678x705.jpg);\"><\/div><\/div><\/figure><\/a><!--end av-masonry entry--><a href=\"http:\/\/monidworek.pl\/hodowla\/wp-content\/uploads\/sites\/4\/2022\/10\/1666092262629-827x1030.jpg\" id='av-masonry-1-item-1271' data-av-masonry-item='1271' class='av-masonry-entry isotope-item post-1271 attachment type-attachment status-inherit hentry  av-masonry-item-with-image' title=\"\"  itemprop=\"thumbnailUrl\" ><div class='av-inner-masonry-sizer'><\/div><figure class='av-inner-masonry main_color'><div class=\"av-masonry-outerimage-container\"><div class=\"av-masonry-image-container\" style=\"background-image: url(http:\/\/monidworek.pl\/hodowla\/wp-content\/uploads\/sites\/4\/2022\/10\/1666092262629-566x705.jpg);\"><\/div><\/div><\/figure><\/a><!--end av-masonry entry--><a href=\"http:\/\/monidworek.pl\/hodowla\/wp-content\/uploads\/sites\/4\/2022\/10\/1666092262663-1030x922.jpg\" id='av-masonry-1-item-1272' data-av-masonry-item='1272' class='av-masonry-entry isotope-item post-1272 attachment type-attachment status-inherit hentry  av-masonry-item-with-image' title=\"\"  itemprop=\"thumbnailUrl\" ><div class='av-inner-masonry-sizer'><\/div><figure class='av-inner-masonry main_color'><div class=\"av-masonry-outerimage-container\"><div class=\"av-masonry-image-container\" style=\"background-image: url(http:\/\/monidworek.pl\/hodowla\/wp-content\/uploads\/sites\/4\/2022\/10\/1666092262663-705x631.jpg);\"><\/div><\/div><\/figure><\/a><!--end av-masonry entry--><\/div><\/div>\n<div style=' margin-top:5px; margin-bottom:35px;'  class='hr hr-custom hr-center hr-icon-no  '><span class='hr-inner   inner-border-av-border-thin' style=' width:150px; border-color:#666666;' ><span class='hr-inner-style'><\/span><\/span><\/div>\n<\/div><\/div><\/div><!-- close content main div --><\/div><\/div><\/div><div id='after_section_2' class='main_color av_default_container_wrap container_wrap sidebar_right'   ><div class='container' ><div class='template-page content  av-content-small alpha units'><div class='post-entry post-entry-type-page post-entry-1194'><div class='entry-content-wrapper clearfix'><\/div><\/div><\/div><!-- close content main div --><\/div><\/div><div id='av_section_3' class='avia-section main_color avia-section-large avia-no-border-styling avia-full-stretch av-parallax-section avia-bg-style-parallax   av-minimum-height av-minimum-height-custom container_wrap sidebar_right'  data-section-bg-repeat='stretch' ><div class='av-parallax' data-avia-parallax-ratio='0.3' ><div class='av-parallax-inner main_color  avia-full-stretch' style = 'background-repeat: no-repeat; background-image: url(http:\/\/monidworek.pl\/hodowla\/wp-content\/uploads\/sites\/4\/2018\/10\/textura1.jpg);background-attachment: scroll; background-position: center center; ' ><\/div><\/div><div class='container' style='height:300px'><div class='template-page content  av-content-small alpha units'><div class='post-entry post-entry-type-page post-entry-1194'><div class='entry-content-wrapper clearfix'>\n<div class='flex_column_table av-equal-height-column-flextable -flextable' ><div class=\"flex_column av_three_fourth  av-animated-generic left-to-right  flex_column_table_cell av-equal-height-column av-align-middle av-zero-column-padding first  \" style='border-radius:0px; '><div style='padding-bottom:0px; color:#ffffff;font-size:30px;' class='av-special-heading av-special-heading-h3 custom-color-heading blockquote modern-quote  av-inherit-size '><h3 class='av-special-heading-tag '  itemprop=\"headline\"  >MoniDworek to opr\u00f3cz Hodowli kot\u00f3w bengalskich r\u00f3wnie\u017c Hotel dla kot\u00f3w<\/h3><div class='special-heading-border'><div class='special-heading-inner-border' style='border-color:#ffffff'><\/div><\/div><\/div><\/div><\/div><!--close column table wrapper. Autoclose: 1 --><div class='flex_column_table av-equal-height-column-flextable -flextable' ><div class='av-flex-placeholder'><\/div><div class=\"flex_column av_one_fourth  av-animated-generic right-to-left  flex_column_table_cell av-equal-height-column av-align-middle av-zero-column-padding   \" style='border-radius:0px; '><div class='avia-button-wrap avia-button-right '><a href='http:\/\/monidworek.pl\/hodowla\/'  class='avia-button   avia-icon_select-no avia-color-light avia-size-large avia-position-right '   ><span class='avia_iconbox_title' >SPRAWD\u0179 OFERT\u0118<\/span><\/a><\/div><\/div><\/div><!--close column table wrapper. Autoclose: 1 -->\n<\/div><\/div><\/div><!-- close content main div --><\/div><\/div><div id='after_section_3' class='main_color av_default_container_wrap container_wrap sidebar_right'   ><div class='container' ><div class='template-page content  av-content-small alpha units'><div class='post-entry post-entry-type-page post-entry-1194'><div class='entry-content-wrapper clearfix'><\/p>\n<div style='height:50px' class='hr hr-invisible  '><span class='hr-inner ' ><span class='hr-inner-style'><\/span><\/span><\/div>\n","protected":false},"excerpt":{"rendered":"","protected":false},"author":1,"featured_media":0,"parent":0,"menu_order":0,"comment_status":"closed","ping_status":"closed","template":"","meta":[],"_links":{"self":[{"href":"http:\/\/monidworek.pl\/hodowla\/wp-json\/wp\/v2\/pages\/1194"}],"collection":[{"href":"http:\/\/monidworek.pl\/hodowla\/wp-json\/wp\/v2\/pages"}],"about":[{"href":"http:\/\/monidworek.pl\/hodowla\/wp-json\/wp\/v2\/types\/page"}],"author":[{"embeddable":true,"href":"http:\/\/monidworek.pl\/hodowla\/wp-json\/wp\/v2\/users\/1"}],"replies":[{"embeddable":true,"href":"http:\/\/monidworek.pl\/hodowla\/wp-json\/wp\/v2\/comments?post=1194"}],"version-history":[{"count":11,"href":"http:\/\/monidworek.pl\/hodowla\/wp-json\/wp\/v2\/pages\/1194\/revisions"}],"predecessor-version":[{"id":1355,"href":"http:\/\/monidworek.pl\/hodowla\/wp-json\/wp\/v2\/pages\/1194\/revisions\/1355"}],"wp:attachment":[{"href":"http:\/\/monidworek.pl\/hodowla\/wp-json\/wp\/v2\/media?parent=1194"}],"curies":[{"name":"wp","href":"https:\/\/api.w.org\/{rel}","templated":true}]}}