{"id":361,"date":"2018-11-09T13:16:26","date_gmt":"2018-11-09T12:16:26","guid":{"rendered":"http:\/\/monidworek.pl\/hodowla\/home-copy\/"},"modified":"2022-11-15T08:58:44","modified_gmt":"2022-11-15T07:58:44","slug":"lord-marusiaclub","status":"publish","type":"page","link":"http:\/\/monidworek.pl\/hodowla\/lord-marusiaclub\/","title":{"rendered":"LORD Marusiaclub"},"content":{"rendered":"<\/div><\/div><\/div><!-- close content main div --><\/div><\/div><div id='pokoje' class='avia-section main_color avia-section-no-padding avia-no-border-styling avia-bg-style-scroll   container_wrap sidebar_right' style = 'background-color: #efefef; background-image: '  ><div class='container' ><div class='template-page content  av-content-small alpha units'><div class='post-entry post-entry-type-page post-entry-361'><div class='entry-content-wrapper clearfix'>\n<div style='padding-bottom:0px; margin-top:80px; ' class='av-special-heading av-special-heading-h1  blockquote modern-quote modern-centered  '><h1 class='av-special-heading-tag '  itemprop=\"headline\"  >LORD<\/h1><div class ='av-subheading av-subheading_below  ' style='font-size:15px;'><p>ur. 09.12.2021r.<br \/>\numaszczenie <strong>blue mink charcoal spotted<\/strong><\/p>\n<\/div><div class='special-heading-border'><div class='special-heading-inner-border' ><\/div><\/div><\/div>\n<div style=' margin-top:5px; margin-bottom:35px;'  class='hr hr-custom hr-center hr-icon-no  '><span class='hr-inner   inner-border-av-border-fat' style=' width:150px; border-color:#e50045;' ><span class='hr-inner-style'><\/span><\/span><\/div>\n<\/div><\/div><\/div><!-- close content main div --><\/div><\/div><div id='after_section_1' class='main_color av_default_container_wrap container_wrap sidebar_right'   ><div class='container' ><div class='template-page content  av-content-small alpha units'><div class='post-entry post-entry-type-page post-entry-361'><div class='entry-content-wrapper clearfix'><\/div><\/div><\/div><!-- close content main div --><\/div><\/div><div id='galeria' class='avia-section main_color avia-section-no-padding avia-no-border-styling av-section-color-overlay-active avia-bg-style-scroll   container_wrap sidebar_right' style = 'background-image: '  ><div class='av-section-color-overlay-wrap'><div class='av-section-color-overlay' style='opacity: 0.5; background-color: #000000; '><\/div><div class='container' ><div class='template-page content  av-content-small alpha units'><div class='post-entry post-entry-type-page post-entry-361'><div class='entry-content-wrapper clearfix'>\n<div style='padding-bottom:0px; margin-top:80px; color:#ffffff;' class='av-special-heading av-special-heading-h1 custom-color-heading blockquote modern-quote modern-centered   '><h1 class='av-special-heading-tag '  itemprop=\"headline\"  >Galeria zdj\u0119\u0107<\/h1><div class='special-heading-border'><div class='special-heading-inner-border' style='border-color:#ffffff'><\/div><\/div><\/div>\n<div id='av-masonry-1' class='av-masonry  noHover av-fixed-size av-1px-gap av-hover-overlay-active av-masonry-col-6 av-caption-always av-caption-style- av-masonry-gallery     '  ><div class='av-masonry-container isotope av-js-disabled ' ><div class='av-masonry-entry isotope-item av-masonry-item-no-image '><\/div><a href=\"http:\/\/monidworek.pl\/hodowla\/wp-content\/uploads\/sites\/4\/2022\/10\/16660923867761-770x1030.jpg\" id='av-masonry-1-item-1222' data-av-masonry-item='1222' class='av-masonry-entry isotope-item post-1222 attachment type-attachment status-inherit hentry  av-masonry-item-with-image' title=\"\"  itemprop=\"thumbnailUrl\" ><div class='av-inner-masonry-sizer'><\/div><figure class='av-inner-masonry main_color'><div class=\"av-masonry-outerimage-container\"><div class=\"av-masonry-image-container\" style=\"background-image: url(http:\/\/monidworek.pl\/hodowla\/wp-content\/uploads\/sites\/4\/2022\/10\/16660923867761-527x705.jpg);\"><\/div><\/div><\/figure><\/a><!--end av-masonry entry--><a href=\"http:\/\/monidworek.pl\/hodowla\/wp-content\/uploads\/sites\/4\/2022\/10\/16660923866921-1030x980.jpg\" id='av-masonry-1-item-1229' data-av-masonry-item='1229' class='av-masonry-entry isotope-item post-1229 attachment type-attachment status-inherit hentry  av-masonry-item-with-image' title=\"\"  itemprop=\"thumbnailUrl\" ><div class='av-inner-masonry-sizer'><\/div><figure class='av-inner-masonry main_color'><div class=\"av-masonry-outerimage-container\"><div class=\"av-masonry-image-container\" style=\"background-image: url(http:\/\/monidworek.pl\/hodowla\/wp-content\/uploads\/sites\/4\/2022\/10\/16660923866921-705x671.jpg);\"><\/div><\/div><\/figure><\/a><!--end av-masonry entry--><a href=\"http:\/\/monidworek.pl\/hodowla\/wp-content\/uploads\/sites\/4\/2022\/10\/16660923867091-945x1030.jpg\" id='av-masonry-1-item-1230' data-av-masonry-item='1230' class='av-masonry-entry isotope-item post-1230 attachment type-attachment status-inherit hentry  av-masonry-item-with-image' title=\"\"  itemprop=\"thumbnailUrl\" ><div class='av-inner-masonry-sizer'><\/div><figure class='av-inner-masonry main_color'><div class=\"av-masonry-outerimage-container\"><div class=\"av-masonry-image-container\" style=\"background-image: url(http:\/\/monidworek.pl\/hodowla\/wp-content\/uploads\/sites\/4\/2022\/10\/16660923867091-647x705.jpg);\"><\/div><\/div><\/figure><\/a><!--end av-masonry entry--><a href=\"http:\/\/monidworek.pl\/hodowla\/wp-content\/uploads\/sites\/4\/2022\/10\/16660923867281-770x1030.jpg\" id='av-masonry-1-item-1231' data-av-masonry-item='1231' class='av-masonry-entry isotope-item post-1231 attachment type-attachment status-inherit hentry  av-masonry-item-with-image' title=\"\"  itemprop=\"thumbnailUrl\" ><div class='av-inner-masonry-sizer'><\/div><figure class='av-inner-masonry main_color'><div class=\"av-masonry-outerimage-container\"><div class=\"av-masonry-image-container\" style=\"background-image: url(http:\/\/monidworek.pl\/hodowla\/wp-content\/uploads\/sites\/4\/2022\/10\/16660923867281-527x705.jpg);\"><\/div><\/div><\/figure><\/a><!--end av-masonry entry--><a href=\"http:\/\/monidworek.pl\/hodowla\/wp-content\/uploads\/sites\/4\/2022\/10\/16660923867431-770x1030.jpg\" id='av-masonry-1-item-1232' data-av-masonry-item='1232' class='av-masonry-entry isotope-item post-1232 attachment type-attachment status-inherit hentry  av-masonry-item-with-image' title=\"\"  itemprop=\"thumbnailUrl\" ><div class='av-inner-masonry-sizer'><\/div><figure class='av-inner-masonry main_color'><div class=\"av-masonry-outerimage-container\"><div class=\"av-masonry-image-container\" style=\"background-image: url(http:\/\/monidworek.pl\/hodowla\/wp-content\/uploads\/sites\/4\/2022\/10\/16660923867431-527x705.jpg);\"><\/div><\/div><\/figure><\/a><!--end av-masonry entry--><a href=\"http:\/\/monidworek.pl\/hodowla\/wp-content\/uploads\/sites\/4\/2022\/10\/16660923867591-770x1030.jpg\" id='av-masonry-1-item-1233' data-av-masonry-item='1233' class='av-masonry-entry isotope-item post-1233 attachment type-attachment status-inherit hentry  av-masonry-item-with-image' title=\"\"  itemprop=\"thumbnailUrl\" ><div class='av-inner-masonry-sizer'><\/div><figure class='av-inner-masonry main_color'><div class=\"av-masonry-outerimage-container\"><div class=\"av-masonry-image-container\" style=\"background-image: url(http:\/\/monidworek.pl\/hodowla\/wp-content\/uploads\/sites\/4\/2022\/10\/16660923867591-527x705.jpg);\"><\/div><\/div><\/figure><\/a><!--end av-masonry entry--><a href=\"http:\/\/monidworek.pl\/hodowla\/wp-content\/uploads\/sites\/4\/2022\/10\/16660923867891-770x1030.jpg\" id='av-masonry-1-item-1234' data-av-masonry-item='1234' class='av-masonry-entry isotope-item post-1234 attachment type-attachment status-inherit hentry  av-masonry-item-with-image' title=\"\"  itemprop=\"thumbnailUrl\" ><div class='av-inner-masonry-sizer'><\/div><figure class='av-inner-masonry main_color'><div class=\"av-masonry-outerimage-container\"><div class=\"av-masonry-image-container\" style=\"background-image: url(http:\/\/monidworek.pl\/hodowla\/wp-content\/uploads\/sites\/4\/2022\/10\/16660923867891-527x705.jpg);\"><\/div><\/div><\/figure><\/a><!--end av-masonry entry--><\/div><\/div>\n<div style=' margin-top:5px; margin-bottom:35px;'  class='hr hr-custom hr-center hr-icon-no  '><span class='hr-inner   inner-border-av-border-thin' style=' width:150px; border-color:#666666;' ><span class='hr-inner-style'><\/span><\/span><\/div>\n<\/div><\/div><\/div><!-- close content main div --><\/div><\/div><\/div><div id='after_section_2' class='main_color av_default_container_wrap container_wrap sidebar_right'   ><div class='container' ><div class='template-page content  av-content-small alpha units'><div class='post-entry post-entry-type-page post-entry-361'><div class='entry-content-wrapper clearfix'><\/p>\n<\/div><\/div><\/div><!-- close content main div --><\/div><\/div><div id='av_section_3' class='avia-section main_color avia-section-large avia-no-border-styling avia-full-stretch av-parallax-section avia-bg-style-parallax   av-minimum-height av-minimum-height-custom container_wrap sidebar_right'  data-section-bg-repeat='stretch' ><div class='av-parallax' data-avia-parallax-ratio='0.3' ><div class='av-parallax-inner main_color  avia-full-stretch' style = 'background-repeat: no-repeat; background-image: url(http:\/\/monidworek.pl\/hodowla\/wp-content\/uploads\/sites\/4\/2018\/10\/textura1.jpg);background-attachment: scroll; background-position: center center; ' ><\/div><\/div><div class='container' style='height:300px'><div class='template-page content  av-content-small alpha units'><div class='post-entry post-entry-type-page post-entry-361'><div class='entry-content-wrapper clearfix'>\n<div class='flex_column_table av-equal-height-column-flextable -flextable' ><div class=\"flex_column av_three_fourth  av-animated-generic left-to-right  flex_column_table_cell av-equal-height-column av-align-middle av-zero-column-padding first  \" style='border-radius:0px; '><div style='padding-bottom:0px; color:#ffffff;font-size:30px;' class='av-special-heading av-special-heading-h3 custom-color-heading blockquote modern-quote  av-inherit-size '><h3 class='av-special-heading-tag '  itemprop=\"headline\"  >MoniDworek to opr\u00f3cz Hodowli kot\u00f3w bengalskich r\u00f3wnie\u017c Hotel dla kot\u00f3w<\/h3><div class='special-heading-border'><div class='special-heading-inner-border' style='border-color:#ffffff'><\/div><\/div><\/div><\/div><\/div><!--close column table wrapper. Autoclose: 1 --><div class='flex_column_table av-equal-height-column-flextable -flextable' ><div class='av-flex-placeholder'><\/div><div class=\"flex_column av_one_fourth  av-animated-generic right-to-left  flex_column_table_cell av-equal-height-column av-align-middle av-zero-column-padding   \" style='border-radius:0px; '><div class='avia-button-wrap avia-button-right '><a href='http:\/\/monidworek.pl\/hodowla\/'  class='avia-button   avia-icon_select-no avia-color-light avia-size-large avia-position-right '   ><span class='avia_iconbox_title' >SPRAWD\u0179 OFERT\u0118<\/span><\/a><\/div><\/div><\/div><!--close column table wrapper. Autoclose: 1 -->\n<\/div><\/div><\/div><!-- close content main div --><\/div><\/div><div id='after_section_3' class='main_color av_default_container_wrap container_wrap sidebar_right'   ><div class='container' ><div class='template-page content  av-content-small alpha units'><div class='post-entry post-entry-type-page post-entry-361'><div class='entry-content-wrapper clearfix'>\n<div style='height:50px' class='hr hr-invisible  '><span class='hr-inner ' ><span class='hr-inner-style'><\/span><\/span><\/div>\n<div id='av-masonry-2' class='av-masonry  noHover av-fixed-size av-1px-gap av-hover-overlay-active av-masonry-col-flexible av-caption-always av-caption-style-always    '  ><div class='av-masonry-container isotope av-js-disabled ' ><div class='av-masonry-entry isotope-item av-masonry-item-no-image all_sort'><\/div><a href=\"http:\/\/monidworek.pl\/hodowla\/gloria-leolife\/\" id='av-masonry-2-item-1194' data-av-masonry-item='1194' class='av-masonry-entry isotope-item post-1194 page type-page status-publish hentry all_sort av-masonry-item-no-image' title=\"GLORIA Leolife\"  itemscope=\"itemscope\" itemtype=\"https:\/\/schema.org\/CreativeWork\" ><div class='av-inner-masonry-sizer'><\/div><figure class='av-inner-masonry main_color'><figcaption class='av-inner-masonry-content site-background'><div class='av-inner-masonry-content-pos'><div class='av-inner-masonry-content-pos-content'><div class='avia-arrow'><\/div><h3 class='av-masonry-entry-title entry-title'  itemprop=\"headline\" >GLORIA Leolife<\/h3><\/div><\/div><\/figcaption><\/figure><\/a><!--end av-masonry entry--><a href=\"http:\/\/monidworek.pl\/hodowla\/yasmine\/\" id='av-masonry-2-item-1137' data-av-masonry-item='1137' class='av-masonry-entry isotope-item post-1137 page type-page status-publish hentry all_sort av-masonry-item-no-image' title=\"YASMINE MoniDworek\"  itemscope=\"itemscope\" itemtype=\"https:\/\/schema.org\/CreativeWork\" ><div class='av-inner-masonry-sizer'><\/div><figure class='av-inner-masonry main_color'><figcaption class='av-inner-masonry-content site-background'><div class='av-inner-masonry-content-pos'><div class='av-inner-masonry-content-pos-content'><div class='avia-arrow'><\/div><h3 class='av-masonry-entry-title entry-title'  itemprop=\"headline\" >YASMINE MoniDworek<\/h3><\/div><\/div><\/figcaption><\/figure><\/a><!--end av-masonry entry--><a href=\"http:\/\/monidworek.pl\/hodowla\/karina-exlibris\/\" id='av-masonry-2-item-1087' data-av-masonry-item='1087' class='av-masonry-entry isotope-item post-1087 page type-page status-publish hentry all_sort av-masonry-item-no-image' title=\"KARINA Exlibris\"  itemscope=\"itemscope\" itemtype=\"https:\/\/schema.org\/CreativeWork\" ><div class='av-inner-masonry-sizer'><\/div><figure class='av-inner-masonry main_color'><figcaption class='av-inner-masonry-content site-background'><div class='av-inner-masonry-content-pos'><div class='av-inner-masonry-content-pos-content'><div class='avia-arrow'><\/div><h3 class='av-masonry-entry-title entry-title'  itemprop=\"headline\" >KARINA Exlibris<\/h3><\/div><\/div><\/figcaption><\/figure><\/a><!--end av-masonry entry--><a href=\"http:\/\/monidworek.pl\/hodowla\/bellissima-monidworek\/\" id='av-masonry-2-item-1047' data-av-masonry-item='1047' class='av-masonry-entry isotope-item post-1047 page type-page status-publish hentry all_sort av-masonry-item-no-image' title=\"BELLISSIMA MoniDworek\"  itemscope=\"itemscope\" itemtype=\"https:\/\/schema.org\/CreativeWork\" ><div class='av-inner-masonry-sizer'><\/div><figure class='av-inner-masonry main_color'><figcaption class='av-inner-masonry-content site-background'><div class='av-inner-masonry-content-pos'><div class='av-inner-masonry-content-pos-content'><div class='avia-arrow'><\/div><h3 class='av-masonry-entry-title entry-title'  itemprop=\"headline\" >BELLISSIMA MoniDworek<\/h3><\/div><\/div><\/figcaption><\/figure><\/a><!--end av-masonry entry--><a href=\"http:\/\/monidworek.pl\/hodowla\/julietta-loriwal\/\" id='av-masonry-2-item-1021' data-av-masonry-item='1021' class='av-masonry-entry isotope-item post-1021 page type-page status-publish hentry all_sort av-masonry-item-no-image' title=\"JULIETTA Loriwal\"  itemscope=\"itemscope\" itemtype=\"https:\/\/schema.org\/CreativeWork\" ><div class='av-inner-masonry-sizer'><\/div><figure class='av-inner-masonry main_color'><figcaption class='av-inner-masonry-content site-background'><div class='av-inner-masonry-content-pos'><div class='av-inner-masonry-content-pos-content'><div class='avia-arrow'><\/div><h3 class='av-masonry-entry-title entry-title'  itemprop=\"headline\" >JULIETTA Loriwal<\/h3><\/div><\/div><\/figcaption><\/figure><\/a><!--end av-masonry entry--><a href=\"http:\/\/monidworek.pl\/hodowla\/sweet-candy\/\" id='av-masonry-2-item-962' data-av-masonry-item='962' class='av-masonry-entry isotope-item post-962 page type-page status-publish hentry all_sort av-masonry-item-no-image' title=\"SWEET CANDY Bengasi\"  itemscope=\"itemscope\" itemtype=\"https:\/\/schema.org\/CreativeWork\" ><div class='av-inner-masonry-sizer'><\/div><figure class='av-inner-masonry main_color'><figcaption class='av-inner-masonry-content site-background'><div class='av-inner-masonry-content-pos'><div class='av-inner-masonry-content-pos-content'><div class='avia-arrow'><\/div><h3 class='av-masonry-entry-title entry-title'  itemprop=\"headline\" >SWEET CANDY Bengasi<\/h3><\/div><\/div><\/figcaption><\/figure><\/a><!--end av-masonry entry--><a href=\"http:\/\/monidworek.pl\/hodowla\/kocieta\/\" id='av-masonry-2-item-723' data-av-masonry-item='723' class='av-masonry-entry isotope-item post-723 nav_menu_item type-nav_menu_item status-publish hentry all_sort av-masonry-item-no-image' title=\"Koci\u0119ta\"  itemscope=\"itemscope\" itemtype=\"https:\/\/schema.org\/CreativeWork\" ><div class='av-inner-masonry-sizer'><\/div><figure class='av-inner-masonry main_color'><figcaption class='av-inner-masonry-content site-background'><div class='av-inner-masonry-content-pos'><div class='av-inner-masonry-content-pos-content'><div class='avia-arrow'><\/div><h3 class='av-masonry-entry-title entry-title'  itemprop=\"headline\" >Koci\u0119ta<\/h3><\/div><\/div><\/figcaption><\/figure><\/a><!--end av-masonry entry--><a href=\"http:\/\/monidworek.pl\/hodowla\/zapowiedz-miotu\/\" id='av-masonry-2-item-713' data-av-masonry-item='713' class='av-masonry-entry isotope-item post-713 nav_menu_item type-nav_menu_item status-publish hentry all_sort av-masonry-item-no-image' title=\"Zapowied\u017a miotu\"  itemscope=\"itemscope\" itemtype=\"https:\/\/schema.org\/CreativeWork\" ><div class='av-inner-masonry-sizer'><\/div><figure class='av-inner-masonry main_color'><figcaption class='av-inner-masonry-content site-background'><div class='av-inner-masonry-content-pos'><div class='av-inner-masonry-content-pos-content'><div class='avia-arrow'><\/div><h3 class='av-masonry-entry-title entry-title'  itemprop=\"headline\" >Zapowied\u017a miotu<\/h3><\/div><\/div><\/figcaption><\/figure><\/a><!--end av-masonry entry--><a href=\"http:\/\/monidworek.pl\/hodowla\/ritmika-bengasi\/\" id='av-masonry-2-item-540' data-av-masonry-item='540' class='av-masonry-entry isotope-item post-540 page type-page status-publish hentry all_sort av-masonry-item-no-image' title=\"LUCY MoniDworek\"  itemscope=\"itemscope\" itemtype=\"https:\/\/schema.org\/CreativeWork\" ><div class='av-inner-masonry-sizer'><\/div><figure class='av-inner-masonry main_color'><figcaption class='av-inner-masonry-content site-background'><div class='av-inner-masonry-content-pos'><div class='av-inner-masonry-content-pos-content'><div class='avia-arrow'><\/div><h3 class='av-masonry-entry-title entry-title'  itemprop=\"headline\" >LUCY MoniDworek<\/h3><\/div><\/div><\/figcaption><\/figure><\/a><!--end av-masonry entry--><a href=\"http:\/\/monidworek.pl\/hodowla\/xante-exlibris\/\" id='av-masonry-2-item-533' data-av-masonry-item='533' class='av-masonry-entry isotope-item post-533 page type-page status-publish hentry all_sort av-masonry-item-no-image' title=\"XANTE Exlibris\"  itemscope=\"itemscope\" itemtype=\"https:\/\/schema.org\/CreativeWork\" ><div class='av-inner-masonry-sizer'><\/div><figure class='av-inner-masonry main_color'><figcaption class='av-inner-masonry-content site-background'><div class='av-inner-masonry-content-pos'><div class='av-inner-masonry-content-pos-content'><div class='avia-arrow'><\/div><h3 class='av-masonry-entry-title entry-title'  itemprop=\"headline\" >XANTE Exlibris<\/h3><\/div><\/div><\/figcaption><\/figure><\/a><!--end av-masonry entry--><a href=\"http:\/\/monidworek.pl\/hodowla\/vanilla-leolife\/\" id='av-masonry-2-item-519' data-av-masonry-item='519' class='av-masonry-entry isotope-item post-519 page type-page status-publish hentry all_sort av-masonry-item-no-image' title=\"VANILLA Leolife\"  itemscope=\"itemscope\" itemtype=\"https:\/\/schema.org\/CreativeWork\" ><div class='av-inner-masonry-sizer'><\/div><figure class='av-inner-masonry main_color'><figcaption class='av-inner-masonry-content site-background'><div class='av-inner-masonry-content-pos'><div class='av-inner-masonry-content-pos-content'><div class='avia-arrow'><\/div><h3 class='av-masonry-entry-title entry-title'  itemprop=\"headline\" >VANILLA Leolife<\/h3><\/div><\/div><\/figcaption><\/figure><\/a><!--end av-masonry entry--><a href=\"http:\/\/monidworek.pl\/hodowla\/midnight\/\" id='av-masonry-2-item-505' data-av-masonry-item='505' class='av-masonry-entry isotope-item post-505 page type-page status-publish hentry all_sort av-masonry-item-no-image' title=\"MIDNIGHT Bengasi\"  itemscope=\"itemscope\" itemtype=\"https:\/\/schema.org\/CreativeWork\" ><div class='av-inner-masonry-sizer'><\/div><figure class='av-inner-masonry main_color'><figcaption class='av-inner-masonry-content site-background'><div class='av-inner-masonry-content-pos'><div class='av-inner-masonry-content-pos-content'><div class='avia-arrow'><\/div><h3 class='av-masonry-entry-title entry-title'  itemprop=\"headline\" >MIDNIGHT Bengasi<\/h3><\/div><\/div><\/figcaption><\/figure><\/a><!--end av-masonry entry--><\/div><\/div>\n","protected":false},"excerpt":{"rendered":"","protected":false},"author":1,"featured_media":0,"parent":0,"menu_order":0,"comment_status":"closed","ping_status":"closed","template":"","meta":[],"_links":{"self":[{"href":"http:\/\/monidworek.pl\/hodowla\/wp-json\/wp\/v2\/pages\/361"}],"collection":[{"href":"http:\/\/monidworek.pl\/hodowla\/wp-json\/wp\/v2\/pages"}],"about":[{"href":"http:\/\/monidworek.pl\/hodowla\/wp-json\/wp\/v2\/types\/page"}],"author":[{"embeddable":true,"href":"http:\/\/monidworek.pl\/hodowla\/wp-json\/wp\/v2\/users\/1"}],"replies":[{"embeddable":true,"href":"http:\/\/monidworek.pl\/hodowla\/wp-json\/wp\/v2\/comments?post=361"}],"version-history":[{"count":22,"href":"http:\/\/monidworek.pl\/hodowla\/wp-json\/wp\/v2\/pages\/361\/revisions"}],"predecessor-version":[{"id":1396,"href":"http:\/\/monidworek.pl\/hodowla\/wp-json\/wp\/v2\/pages\/361\/revisions\/1396"}],"wp:attachment":[{"href":"http:\/\/monidworek.pl\/hodowla\/wp-json\/wp\/v2\/media?parent=361"}],"curies":[{"name":"wp","href":"https:\/\/api.w.org\/{rel}","templated":true}]}}