{"id":540,"date":"2018-11-13T10:32:36","date_gmt":"2018-11-13T09:32:36","guid":{"rendered":"http:\/\/monidworek.pl\/hodowla\/blue-miracle-copy\/"},"modified":"2022-11-15T08:50:53","modified_gmt":"2022-11-15T07:50:53","slug":"ritmika-bengasi","status":"publish","type":"page","link":"http:\/\/monidworek.pl\/hodowla\/ritmika-bengasi\/","title":{"rendered":"LUCY MoniDworek"},"content":{"rendered":"<\/div><\/div><\/div><!-- close content main div --><\/div><\/div><div id='pokoje' class='avia-section main_color avia-section-no-padding avia-no-border-styling avia-bg-style-scroll   container_wrap sidebar_right' style = 'background-color: #efefef; background-image: '  ><div class='container' ><div class='template-page content  av-content-small alpha units'><div class='post-entry post-entry-type-page post-entry-540'><div class='entry-content-wrapper clearfix'>\n<div style='padding-bottom:0px; margin-top:80px; ' class='av-special-heading av-special-heading-h1  blockquote modern-quote modern-centered  '><h1 class='av-special-heading-tag '  itemprop=\"headline\"  >LUCY<\/h1><div class ='av-subheading av-subheading_below  ' style='font-size:15px;'><p>ur. 19.07.2020r.<br \/>\numaszczenie <strong>brown spotted<\/strong><\/p>\n<\/div><div class='special-heading-border'><div class='special-heading-inner-border' ><\/div><\/div><\/div>\n<div style=' margin-top:5px; margin-bottom:35px;'  class='hr hr-custom hr-center hr-icon-no  '><span class='hr-inner   inner-border-av-border-fat' style=' width:150px; border-color:#e50045;' ><span class='hr-inner-style'><\/span><\/span><\/div>\n<\/div><\/div><\/div><!-- close content main div --><\/div><\/div><div id='after_section_1' class='main_color av_default_container_wrap container_wrap sidebar_right'   ><div class='container' ><div class='template-page content  av-content-small alpha units'><div class='post-entry post-entry-type-page post-entry-540'><div class='entry-content-wrapper clearfix'><\/div><\/div><\/div><!-- close content main div --><\/div><\/div><div id='galeria' class='avia-section main_color avia-section-no-padding avia-no-border-styling av-section-color-overlay-active avia-bg-style-scroll   container_wrap sidebar_right' style = 'background-image: '  ><div class='av-section-color-overlay-wrap'><div class='av-section-color-overlay' style='opacity: 0.5; background-color: #000000; '><\/div><div class='container' ><div class='template-page content  av-content-small alpha units'><div class='post-entry post-entry-type-page post-entry-540'><div class='entry-content-wrapper clearfix'>\n<div style='padding-bottom:0px; margin-top:80px; color:#ffffff;' class='av-special-heading av-special-heading-h1 custom-color-heading blockquote modern-quote modern-centered   '><h1 class='av-special-heading-tag '  itemprop=\"headline\"  >Galeria zdj\u0119\u0107<\/h1><div class='special-heading-border'><div class='special-heading-inner-border' style='border-color:#ffffff'><\/div><\/div><\/div>\n<div id='av-masonry-1' class='av-masonry  noHover av-fixed-size av-1px-gap av-hover-overlay-active av-masonry-col-4 av-caption-always av-caption-style- av-masonry-gallery     '  ><div class='av-masonry-container isotope av-js-disabled ' ><div class='av-masonry-entry isotope-item av-masonry-item-no-image '><\/div><a href=\"http:\/\/monidworek.pl\/hodowla\/wp-content\/uploads\/sites\/4\/2021\/04\/1618308034669.jpg\" id='av-masonry-1-item-1159' data-av-masonry-item='1159' class='av-masonry-entry isotope-item post-1159 attachment type-attachment status-inherit hentry  av-masonry-item-with-image' title=\"\"  itemprop=\"thumbnailUrl\" ><div class='av-inner-masonry-sizer'><\/div><figure class='av-inner-masonry main_color'><div class=\"av-masonry-outerimage-container\"><div class=\"av-masonry-image-container\" style=\"background-image: url(http:\/\/monidworek.pl\/hodowla\/wp-content\/uploads\/sites\/4\/2021\/04\/1618308034669-569x705.jpg);\"><\/div><\/div><\/figure><\/a><!--end av-masonry entry--><a href=\"http:\/\/monidworek.pl\/hodowla\/wp-content\/uploads\/sites\/4\/2021\/04\/1618308034656.jpg\" id='av-masonry-1-item-1161' data-av-masonry-item='1161' class='av-masonry-entry isotope-item post-1161 attachment type-attachment status-inherit hentry  av-masonry-item-with-image' title=\"\"  itemprop=\"thumbnailUrl\" ><div class='av-inner-masonry-sizer'><\/div><figure class='av-inner-masonry main_color'><div class=\"av-masonry-outerimage-container\"><div class=\"av-masonry-image-container\" style=\"background-image: url(http:\/\/monidworek.pl\/hodowla\/wp-content\/uploads\/sites\/4\/2021\/04\/1618308034656-705x436.jpg);\"><\/div><\/div><\/figure><\/a><!--end av-masonry entry--><a href=\"http:\/\/monidworek.pl\/hodowla\/wp-content\/uploads\/sites\/4\/2021\/04\/1618308034658.jpg\" id='av-masonry-1-item-1162' data-av-masonry-item='1162' class='av-masonry-entry isotope-item post-1162 attachment type-attachment status-inherit hentry  av-masonry-item-with-image' title=\"\"  itemprop=\"thumbnailUrl\" ><div class='av-inner-masonry-sizer'><\/div><figure class='av-inner-masonry main_color'><div class=\"av-masonry-outerimage-container\"><div class=\"av-masonry-image-container\" style=\"background-image: url(http:\/\/monidworek.pl\/hodowla\/wp-content\/uploads\/sites\/4\/2021\/04\/1618308034658-705x503.jpg);\"><\/div><\/div><\/figure><\/a><!--end av-masonry entry--><a href=\"http:\/\/monidworek.pl\/hodowla\/wp-content\/uploads\/sites\/4\/2021\/04\/1618308034654.jpg\" id='av-masonry-1-item-1160' data-av-masonry-item='1160' class='av-masonry-entry isotope-item post-1160 attachment type-attachment status-inherit hentry  av-masonry-item-with-image' title=\"\"  itemprop=\"thumbnailUrl\" ><div class='av-inner-masonry-sizer'><\/div><figure class='av-inner-masonry main_color'><div class=\"av-masonry-outerimage-container\"><div class=\"av-masonry-image-container\" style=\"background-image: url(http:\/\/monidworek.pl\/hodowla\/wp-content\/uploads\/sites\/4\/2021\/04\/1618308034654-705x700.jpg);\"><\/div><\/div><\/figure><\/a><!--end av-masonry entry--><\/div><\/div>\n<div style=' margin-top:5px; margin-bottom:35px;'  class='hr hr-custom hr-center hr-icon-no  '><span class='hr-inner   inner-border-av-border-thin' style=' width:150px; border-color:#666666;' ><span class='hr-inner-style'><\/span><\/span><\/div>\n<\/div><\/div><\/div><!-- close content main div --><\/div><\/div><\/div><div id='after_section_2' class='main_color av_default_container_wrap container_wrap sidebar_right'   ><div class='container' ><div class='template-page content  av-content-small alpha units'><div class='post-entry post-entry-type-page post-entry-540'><div class='entry-content-wrapper clearfix'><\/p>\n<\/div><\/div><\/div><!-- close content main div --><\/div><\/div><div id='av_section_3' class='avia-section main_color avia-section-large avia-no-border-styling avia-full-stretch av-parallax-section avia-bg-style-parallax   av-minimum-height av-minimum-height-custom container_wrap sidebar_right'  data-section-bg-repeat='stretch' ><div class='av-parallax' data-avia-parallax-ratio='0.3' ><div class='av-parallax-inner main_color  avia-full-stretch' style = 'background-repeat: no-repeat; background-image: url(http:\/\/monidworek.pl\/hodowla\/wp-content\/uploads\/sites\/4\/2018\/10\/textura1.jpg);background-attachment: scroll; background-position: center center; ' ><\/div><\/div><div class='container' style='height:300px'><div class='template-page content  av-content-small alpha units'><div class='post-entry post-entry-type-page post-entry-540'><div class='entry-content-wrapper clearfix'>\n<div class='flex_column_table av-equal-height-column-flextable -flextable' ><div class=\"flex_column av_three_fourth  av-animated-generic left-to-right  flex_column_table_cell av-equal-height-column av-align-middle av-zero-column-padding first  \" style='border-radius:0px; '><div style='padding-bottom:0px; color:#ffffff;font-size:30px;' class='av-special-heading av-special-heading-h3 custom-color-heading blockquote modern-quote  av-inherit-size '><h3 class='av-special-heading-tag '  itemprop=\"headline\"  >MoniDworek to opr\u00f3cz Hodowli kot\u00f3w bengalskich r\u00f3wnie\u017c Hotel dla kot\u00f3w<\/h3><div class='special-heading-border'><div class='special-heading-inner-border' style='border-color:#ffffff'><\/div><\/div><\/div><\/div><\/div><!--close column table wrapper. Autoclose: 1 --><div class='flex_column_table av-equal-height-column-flextable -flextable' ><div class='av-flex-placeholder'><\/div><div class=\"flex_column av_one_fourth  av-animated-generic right-to-left  flex_column_table_cell av-equal-height-column av-align-middle av-zero-column-padding   \" style='border-radius:0px; '><div class='avia-button-wrap avia-button-right '><a href='http:\/\/monidworek.pl\/hodowla\/'  class='avia-button   avia-icon_select-no avia-color-light avia-size-large avia-position-right '   ><span class='avia_iconbox_title' >SPRAWD\u0179 OFERT\u0118<\/span><\/a><\/div><\/div><\/div><!--close column table wrapper. Autoclose: 1 -->\n<\/div><\/div><\/div><!-- close content main div --><\/div><\/div><div id='after_section_3' class='main_color av_default_container_wrap container_wrap sidebar_right'   ><div class='container' ><div class='template-page content  av-content-small alpha units'><div class='post-entry post-entry-type-page post-entry-540'><div class='entry-content-wrapper clearfix'>\n<div style='height:50px' class='hr hr-invisible  '><span class='hr-inner ' ><span class='hr-inner-style'><\/span><\/span><\/div>\n","protected":false},"excerpt":{"rendered":"","protected":false},"author":1,"featured_media":0,"parent":0,"menu_order":0,"comment_status":"closed","ping_status":"closed","template":"","meta":[],"_links":{"self":[{"href":"http:\/\/monidworek.pl\/hodowla\/wp-json\/wp\/v2\/pages\/540"}],"collection":[{"href":"http:\/\/monidworek.pl\/hodowla\/wp-json\/wp\/v2\/pages"}],"about":[{"href":"http:\/\/monidworek.pl\/hodowla\/wp-json\/wp\/v2\/types\/page"}],"author":[{"embeddable":true,"href":"http:\/\/monidworek.pl\/hodowla\/wp-json\/wp\/v2\/users\/1"}],"replies":[{"embeddable":true,"href":"http:\/\/monidworek.pl\/hodowla\/wp-json\/wp\/v2\/comments?post=540"}],"version-history":[{"count":12,"href":"http:\/\/monidworek.pl\/hodowla\/wp-json\/wp\/v2\/pages\/540\/revisions"}],"predecessor-version":[{"id":1325,"href":"http:\/\/monidworek.pl\/hodowla\/wp-json\/wp\/v2\/pages\/540\/revisions\/1325"}],"wp:attachment":[{"href":"http:\/\/monidworek.pl\/hodowla\/wp-json\/wp\/v2\/media?parent=540"}],"curies":[{"name":"wp","href":"https:\/\/api.w.org\/{rel}","templated":true}]}}