{"id":398,"date":"2018-11-09T13:36:01","date_gmt":"2018-11-09T12:36:01","guid":{"rendered":"http:\/\/monidworek.pl\/hotel\/pokoj-2-copy-copy-copy-copy-copy\/"},"modified":"2020-07-20T16:41:21","modified_gmt":"2020-07-20T14:41:21","slug":"pokoj-2-copy-copy-copy-copy-copy","status":"publish","type":"page","link":"http:\/\/monidworek.pl\/hotel\/pokoj-2-copy-copy-copy-copy-copy\/","title":{"rendered":"Pok\u00f3j 8"},"content":{"rendered":"<\/div><\/div><\/div><!-- close content main div --><\/div><\/div><div id='pokoje' class='avia-section main_color avia-section-no-padding avia-no-border-styling avia-bg-style-scroll   container_wrap sidebar_right' style = 'background-color: #efefef; background-image: '  ><div class='container' ><div class='template-page content  av-content-small alpha units'><div class='post-entry post-entry-type-page post-entry-398'><div class='entry-content-wrapper clearfix'>\n<div style='padding-bottom:0px; margin-top:80px; ' class='av-special-heading av-special-heading-h1  blockquote modern-quote modern-centered   '><h1 class='av-special-heading-tag '  itemprop=\"headline\"  >Pok\u00f3j 8<\/h1><div class='special-heading-border'><div class='special-heading-inner-border' ><\/div><\/div><\/div>\n<div style=' margin-top:5px; margin-bottom:35px;'  class='hr hr-custom hr-center hr-icon-no  '><span class='hr-inner   inner-border-av-border-fat' style=' width:150px; border-color:#e50045;' ><span class='hr-inner-style'><\/span><\/span><\/div>\n<section class=\"av_textblock_section \"  itemscope=\"itemscope\" itemtype=\"https:\/\/schema.org\/CreativeWork\" ><div class='avia_textblock  '   itemprop=\"text\" ><p style=\"text-align: center;\">Koci pok\u00f3j jest troszk\u0119 mniejszy od apartamentu i nie posiada okna. W pokoju tym znajduje si\u0119 drapak z miejscami do wylegiwania si\u0119, wysoko umieszczona p\u00f3\u0142ka, zabawki a pod podestem miseczki i kuweta.<\/p>\n<\/div><\/section>\n<div style='height:50px' class='hr hr-invisible  '><span class='hr-inner ' ><span class='hr-inner-style'><\/span><\/span><\/div>\n<\/div><\/div><\/div><!-- close content main div --><\/div><\/div><div id='after_section_1' class='main_color av_default_container_wrap container_wrap sidebar_right'   ><div class='container' ><div class='template-page content  av-content-small alpha units'><div class='post-entry post-entry-type-page post-entry-398'><div class='entry-content-wrapper clearfix'><\/div><\/div><\/div><!-- close content main div --><\/div><\/div><div id='galeria' class='avia-section main_color avia-section-no-padding avia-no-border-styling av-section-color-overlay-active avia-bg-style-scroll   container_wrap sidebar_right' style = 'background-image: '  ><div class='av-section-color-overlay-wrap'><div class='av-section-color-overlay' style='opacity: 0.5; background-color: #000000; '><\/div><div class='container' ><div class='template-page content  av-content-small alpha units'><div class='post-entry post-entry-type-page post-entry-398'><div class='entry-content-wrapper clearfix'>\n<div style='padding-bottom:0px; margin-top:80px; color:#ffffff;' class='av-special-heading av-special-heading-h1 custom-color-heading blockquote modern-quote modern-centered   '><h1 class='av-special-heading-tag '  itemprop=\"headline\"  >Galeria zdj\u0119\u0107<\/h1><div class='special-heading-border'><div class='special-heading-inner-border' style='border-color:#ffffff'><\/div><\/div><\/div>\n<div id='av-masonry-1' class='av-masonry  noHover av-fixed-size av-1px-gap av-hover-overlay-active av-masonry-col-3 av-caption-always av-caption-style- av-masonry-gallery     '  ><div class='av-masonry-container isotope av-js-disabled ' ><div class='av-masonry-entry isotope-item av-masonry-item-no-image '><\/div><a href=\"http:\/\/monidworek.pl\/hotel\/wp-content\/uploads\/sites\/2\/2018\/11\/IMG_20181030_115636-1030x773.jpg\" id='av-masonry-1-item-429' data-av-masonry-item='429' class='av-masonry-entry isotope-item post-429 attachment type-attachment status-inherit hentry  av-masonry-item-with-image' title=\"dav\"  itemprop=\"thumbnailUrl\" ><div class='av-inner-masonry-sizer'><\/div><figure class='av-inner-masonry main_color'><div class=\"av-masonry-outerimage-container\"><div class=\"av-masonry-image-container\" style=\"background-image: url(http:\/\/monidworek.pl\/hotel\/wp-content\/uploads\/sites\/2\/2018\/11\/IMG_20181030_115636-705x529.jpg);\"><\/div><\/div><\/figure><\/a><!--end av-masonry entry--><a href=\"http:\/\/monidworek.pl\/hotel\/wp-content\/uploads\/sites\/2\/2018\/11\/IMG_20181030_115413-601x1030.jpg\" id='av-masonry-1-item-430' data-av-masonry-item='430' class='av-masonry-entry isotope-item post-430 attachment type-attachment status-inherit hentry  av-masonry-item-with-image' title=\"dav\"  itemprop=\"thumbnailUrl\" ><div class='av-inner-masonry-sizer'><\/div><figure class='av-inner-masonry main_color'><div class=\"av-masonry-outerimage-container\"><div class=\"av-masonry-image-container\" style=\"background-image: url(http:\/\/monidworek.pl\/hotel\/wp-content\/uploads\/sites\/2\/2018\/11\/IMG_20181030_115413-411x705.jpg);\"><\/div><\/div><\/figure><\/a><!--end av-masonry entry--><a href=\"http:\/\/monidworek.pl\/hotel\/wp-content\/uploads\/sites\/2\/2018\/11\/IMG_20181030_115612-773x1030.jpg\" id='av-masonry-1-item-431' data-av-masonry-item='431' class='av-masonry-entry isotope-item post-431 attachment type-attachment status-inherit hentry  av-masonry-item-with-image' title=\"dav\"  itemprop=\"thumbnailUrl\" ><div class='av-inner-masonry-sizer'><\/div><figure class='av-inner-masonry main_color'><div class=\"av-masonry-outerimage-container\"><div class=\"av-masonry-image-container\" style=\"background-image: url(http:\/\/monidworek.pl\/hotel\/wp-content\/uploads\/sites\/2\/2018\/11\/IMG_20181030_115612-529x705.jpg);\"><\/div><\/div><\/figure><\/a><!--end av-masonry entry--><\/div><\/div>\n<div style=' margin-top:5px; margin-bottom:35px;'  class='hr hr-custom hr-center hr-icon-no  '><span class='hr-inner   inner-border-av-border-thin' style=' width:150px; border-color:#666666;' ><span class='hr-inner-style'><\/span><\/span><\/div>\n<\/div><\/div><\/div><!-- close content main div --><\/div><\/div><\/div><div id='after_section_2' class='main_color av_default_container_wrap container_wrap sidebar_right'   ><div class='container' ><div class='template-page content  av-content-small alpha units'><div class='post-entry post-entry-type-page post-entry-398'><div class='entry-content-wrapper clearfix'><\/p>\n<\/div><\/div><\/div><!-- close content main div --><\/div><\/div><div id='av_section_3' class='avia-section main_color avia-section-large avia-no-border-styling avia-full-stretch av-parallax-section avia-bg-style-parallax   av-minimum-height av-minimum-height-custom container_wrap sidebar_right'  data-section-bg-repeat='stretch' ><div class='av-parallax' data-avia-parallax-ratio='0.3' ><div class='av-parallax-inner main_color  avia-full-stretch' style = 'background-repeat: no-repeat; background-image: url(http:\/\/monidworek.pl\/hotel\/wp-content\/uploads\/sites\/2\/2018\/10\/textura1.jpg);background-attachment: scroll; background-position: center center; ' ><\/div><\/div><div class='container' style='height:300px'><div class='template-page content  av-content-small alpha units'><div class='post-entry post-entry-type-page post-entry-398'><div class='entry-content-wrapper clearfix'>\n<div class='flex_column_table av-equal-height-column-flextable -flextable' ><div class=\"flex_column av_three_fourth  av-animated-generic left-to-right  flex_column_table_cell av-equal-height-column av-align-middle av-zero-column-padding first  \" style='border-radius:0px; '><div style='padding-bottom:0px; color:#ffffff;font-size:30px;' class='av-special-heading av-special-heading-h3 custom-color-heading blockquote modern-quote   av-inherit-size '><h3 class='av-special-heading-tag '  itemprop=\"headline\"  >MoniDworek to opr\u00f3cz hotelu r\u00f3wnie\u017c hodowla kot\u00f3w bengalskich<\/h3><div class='special-heading-border'><div class='special-heading-inner-border' style='border-color:#ffffff'><\/div><\/div><\/div><\/div><\/div><!--close column table wrapper. Autoclose: 1 --><div class='flex_column_table av-equal-height-column-flextable -flextable' ><div class='av-flex-placeholder'><\/div><div class=\"flex_column av_one_fourth  av-animated-generic right-to-left  flex_column_table_cell av-equal-height-column av-align-middle av-zero-column-padding   \" style='border-radius:0px; '><div class='avia-button-wrap avia-button-right '><a href='http:\/\/monidworek.pl\/hodowla\/'  class='avia-button   avia-icon_select-no avia-color-light avia-size-large avia-position-right '   ><span class='avia_iconbox_title' >SPRAWD\u0179 OFERT\u0118<\/span><\/a><\/div><\/div><\/div><!--close column table wrapper. Autoclose: 1 -->\n<\/div><\/div><\/div><!-- close content main div --><\/div><\/div><div id='after_section_3' class='main_color av_default_container_wrap container_wrap sidebar_right'   ><div class='container' ><div class='template-page content  av-content-small alpha units'><div class='post-entry post-entry-type-page post-entry-398'><div class='entry-content-wrapper clearfix'>\n<div style='height:50px' class='hr hr-invisible  '><span class='hr-inner ' ><span class='hr-inner-style'><\/span><\/span><\/div>\n","protected":false},"excerpt":{"rendered":"","protected":false},"author":1,"featured_media":0,"parent":0,"menu_order":0,"comment_status":"closed","ping_status":"closed","template":"","meta":[],"_links":{"self":[{"href":"http:\/\/monidworek.pl\/hotel\/wp-json\/wp\/v2\/pages\/398"}],"collection":[{"href":"http:\/\/monidworek.pl\/hotel\/wp-json\/wp\/v2\/pages"}],"about":[{"href":"http:\/\/monidworek.pl\/hotel\/wp-json\/wp\/v2\/types\/page"}],"author":[{"embeddable":true,"href":"http:\/\/monidworek.pl\/hotel\/wp-json\/wp\/v2\/users\/1"}],"replies":[{"embeddable":true,"href":"http:\/\/monidworek.pl\/hotel\/wp-json\/wp\/v2\/comments?post=398"}],"version-history":[{"count":4,"href":"http:\/\/monidworek.pl\/hotel\/wp-json\/wp\/v2\/pages\/398\/revisions"}],"predecessor-version":[{"id":668,"href":"http:\/\/monidworek.pl\/hotel\/wp-json\/wp\/v2\/pages\/398\/revisions\/668"}],"wp:attachment":[{"href":"http:\/\/monidworek.pl\/hotel\/wp-json\/wp\/v2\/media?parent=398"}],"curies":[{"name":"wp","href":"https:\/\/api.w.org\/{rel}","templated":true}]}}